{"id":146,"date":"2025-09-17T12:00:36","date_gmt":"2025-09-17T10:00:36","guid":{"rendered":"https:\/\/www.klubnet.com\/documentation\/?page_id=146"},"modified":"2025-10-09T12:26:12","modified_gmt":"2025-10-09T10:26:12","slug":"app-mensa","status":"publish","type":"page","link":"https:\/\/www.klubnet.com\/documentation\/app-mensa\/","title":{"rendered":"APP &#8211; Mensa"},"content":{"rendered":"<h1>MENSA<\/h1>\n<h5>Obiettivo del modulo<\/h5>\n<p>Accedendo all\u2019App, nella dashboard centrale \u00e8 visibile la voce \u201cCosa desideri mangiare oggi?\u201d<\/p>\n<p><\/p>\n<h5>Men\u00f9 prenotazione mensa<\/h5>\n<p>In questa sezione viene mostrato un calendario con i colori che indicano lo stato della prenotazione:<\/p>\n<ul>\n<li>Grigio \u2192 nessun men\u00f9 disponibile<\/li>\n<li>Giallo \u2192 prenotazione incompleta<\/li>\n<li>Verde \u2192 men\u00f9 gi\u00e0 scelto<\/li>\n<\/ul>\n<p><img decoding=\"async\" class=\"img-fluid\" src=\"https:\/\/www.klubnet.com\/documentation\/wp-content\/uploads\/sites\/2\/Mensa_1.png\"><\/p>\n<h5>Funzionamento<\/h5>\n<ul>\n<li>Una volta selezionato il giorno, sar\u00e0 possibile selezionare la fascia di prenotazione (Colazione, Pranzo, Cena). Cliccando sulla fascia desiderata, sar\u00e0 possibile selezionare i piatti visualizzando i men\u00f9 proposti.<\/li>\n<\/ul>\n<p>Una volta completata la selezione:<\/p>\n<ol>\n<li>Cliccare su Salva e continua<\/li>\n<li>Continuare la prenotazione, completando le altre fasce di pasto.<\/li>\n<li>Cliccare su Salva e invia.<\/li>\n<li>Un messaggio di conferma avviser\u00e0 dell\u2019avvenuta prenotazione<\/li>\n<\/ol>\n<p><\/p>\n<p>Infine, \u00e8 sempre disponibile un riepilogo della prenotazione con l\u2019elenco completo dei piatti scelti.<\/p>\n<p><img decoding=\"async\" class=\"img-fluid\" src=\"https:\/\/www.klubnet.com\/documentation\/wp-content\/uploads\/sites\/2\/Mensa_2.png\"><\/p>\n<p><img decoding=\"async\" class=\"img-fluid\" src=\"https:\/\/www.klubnet.com\/documentation\/wp-content\/uploads\/sites\/2\/Mensa_3.png\"><\/p>\n<p><img decoding=\"async\" class=\"img-fluid\" src=\"https:\/\/www.klubnet.com\/documentation\/wp-content\/uploads\/sites\/2\/Mensa_4.png\"><\/p>\n","protected":false},"excerpt":{"rendered":"<p>MENSA Obiettivo del modulo Accedendo all\u2019App, nella dashboard centrale \u00e8 visibile la voce \u201cCosa desideri mangiare oggi?\u201d Men\u00f9 prenotazione mensa In questa sezione viene mostrato un calendario con i colori che indicano lo stato della prenotazione: Grigio \u2192 nessun men\u00f9 disponibile Giallo \u2192 prenotazione incompleta Verde \u2192 men\u00f9 gi\u00e0 scelto Funzionamento Una volta selezionato il &hellip; <a href=\"https:\/\/www.klubnet.com\/documentation\/app-mensa\/\">Continua<\/a><\/p>\n","protected":false},"author":1,"featured_media":0,"parent":0,"menu_order":0,"comment_status":"closed","ping_status":"closed","template":"template-documentation.php","meta":{"footnotes":""},"class_list":["post-146","page","type-page","status-publish","hentry"],"acf":[],"yoast_head":"<!-- This site is optimized with the Yoast SEO plugin v25.6 - https:\/\/yoast.com\/wordpress\/plugins\/seo\/ -->\n<title>APP - Mensa - Klubnet Documentazione<\/title>\n<meta name=\"robots\" content=\"noindex, follow, max-snippet:-1, max-image-preview:large, max-video-preview:-1\" \/>\n<meta property=\"og:locale\" content=\"it_IT\" \/>\n<meta property=\"og:type\" content=\"article\" \/>\n<meta property=\"og:title\" content=\"APP - Mensa - Klubnet Documentazione\" \/>\n<meta property=\"og:description\" content=\"MENSA Obiettivo del modulo Accedendo all\u2019App, nella dashboard centrale \u00e8 visibile la voce \u201cCosa desideri mangiare oggi?\u201d Men\u00f9 prenotazione mensa In questa sezione viene mostrato un calendario con i colori che indicano lo stato della prenotazione: Grigio \u2192 nessun men\u00f9 disponibile Giallo \u2192 prenotazione incompleta Verde \u2192 men\u00f9 gi\u00e0 scelto Funzionamento Una volta selezionato il &hellip; Continua\" \/>\n<meta property=\"og:url\" content=\"https:\/\/www.klubnet.com\/documentation\/app-mensa\/\" \/>\n<meta property=\"og:site_name\" content=\"Klubnet Documentazione\" \/>\n<meta property=\"article:modified_time\" content=\"2025-10-09T10:26:12+00:00\" \/>\n<meta property=\"og:image\" content=\"https:\/\/www.klubnet.com\/documentation\/wp-content\/uploads\/sites\/2\/Mensa_1.png\" \/>\n<meta name=\"twitter:card\" content=\"summary_large_image\" \/>\n<meta name=\"twitter:label1\" content=\"Tempo di lettura stimato\" \/>\n\t<meta name=\"twitter:data1\" content=\"2 minuti\" \/>\n<script type=\"application\/ld+json\" class=\"yoast-schema-graph\">{\"@context\":\"https:\/\/schema.org\",\"@graph\":[{\"@type\":\"WebPage\",\"@id\":\"https:\/\/www.klubnet.com\/documentation\/app-mensa\/\",\"url\":\"https:\/\/www.klubnet.com\/documentation\/app-mensa\/\",\"name\":\"APP - Mensa - Klubnet Documentazione\",\"isPartOf\":{\"@id\":\"https:\/\/www.klubnet.com\/documentation\/#website\"},\"primaryImageOfPage\":{\"@id\":\"https:\/\/www.klubnet.com\/documentation\/app-mensa\/#primaryimage\"},\"image\":{\"@id\":\"https:\/\/www.klubnet.com\/documentation\/app-mensa\/#primaryimage\"},\"thumbnailUrl\":\"https:\/\/www.klubnet.com\/documentation\/wp-content\/uploads\/sites\/2\/Mensa_1.png\",\"datePublished\":\"2025-09-17T10:00:36+00:00\",\"dateModified\":\"2025-10-09T10:26:12+00:00\",\"breadcrumb\":{\"@id\":\"https:\/\/www.klubnet.com\/documentation\/app-mensa\/#breadcrumb\"},\"inLanguage\":\"it-IT\",\"potentialAction\":[{\"@type\":\"ReadAction\",\"target\":[\"https:\/\/www.klubnet.com\/documentation\/app-mensa\/\"]}]},{\"@type\":\"ImageObject\",\"inLanguage\":\"it-IT\",\"@id\":\"https:\/\/www.klubnet.com\/documentation\/app-mensa\/#primaryimage\",\"url\":\"https:\/\/www.klubnet.com\/documentation\/wp-content\/uploads\/sites\/2\/Mensa_1.png\",\"contentUrl\":\"https:\/\/www.klubnet.com\/documentation\/wp-content\/uploads\/sites\/2\/Mensa_1.png\",\"width\":486,\"height\":1000},{\"@type\":\"BreadcrumbList\",\"@id\":\"https:\/\/www.klubnet.com\/documentation\/app-mensa\/#breadcrumb\",\"itemListElement\":[{\"@type\":\"ListItem\",\"position\":1,\"name\":\"Home\",\"item\":\"https:\/\/www.klubnet.com\/documentation\/\"},{\"@type\":\"ListItem\",\"position\":2,\"name\":\"APP &#8211; Mensa\"}]},{\"@type\":\"WebSite\",\"@id\":\"https:\/\/www.klubnet.com\/documentation\/#website\",\"url\":\"https:\/\/www.klubnet.com\/documentation\/\",\"name\":\"Klubnet Documentazione\",\"description\":\"\",\"potentialAction\":[{\"@type\":\"SearchAction\",\"target\":{\"@type\":\"EntryPoint\",\"urlTemplate\":\"https:\/\/www.klubnet.com\/documentation\/?s={search_term_string}\"},\"query-input\":{\"@type\":\"PropertyValueSpecification\",\"valueRequired\":true,\"valueName\":\"search_term_string\"}}],\"inLanguage\":\"it-IT\"}]}<\/script>\n<!-- \/ Yoast SEO plugin. -->","yoast_head_json":{"title":"APP - Mensa - Klubnet Documentazione","robots":{"index":"noindex","follow":"follow","max-snippet":"max-snippet:-1","max-image-preview":"max-image-preview:large","max-video-preview":"max-video-preview:-1"},"og_locale":"it_IT","og_type":"article","og_title":"APP - Mensa - Klubnet Documentazione","og_description":"MENSA Obiettivo del modulo Accedendo all\u2019App, nella dashboard centrale \u00e8 visibile la voce \u201cCosa desideri mangiare oggi?\u201d Men\u00f9 prenotazione mensa In questa sezione viene mostrato un calendario con i colori che indicano lo stato della prenotazione: Grigio \u2192 nessun men\u00f9 disponibile Giallo \u2192 prenotazione incompleta Verde \u2192 men\u00f9 gi\u00e0 scelto Funzionamento Una volta selezionato il &hellip; Continua","og_url":"https:\/\/www.klubnet.com\/documentation\/app-mensa\/","og_site_name":"Klubnet Documentazione","article_modified_time":"2025-10-09T10:26:12+00:00","og_image":[{"url":"https:\/\/www.klubnet.com\/documentation\/wp-content\/uploads\/sites\/2\/Mensa_1.png","type":"","width":"","height":""}],"twitter_card":"summary_large_image","twitter_misc":{"Tempo di lettura stimato":"2 minuti"},"schema":{"@context":"https:\/\/schema.org","@graph":[{"@type":"WebPage","@id":"https:\/\/www.klubnet.com\/documentation\/app-mensa\/","url":"https:\/\/www.klubnet.com\/documentation\/app-mensa\/","name":"APP - Mensa - Klubnet Documentazione","isPartOf":{"@id":"https:\/\/www.klubnet.com\/documentation\/#website"},"primaryImageOfPage":{"@id":"https:\/\/www.klubnet.com\/documentation\/app-mensa\/#primaryimage"},"image":{"@id":"https:\/\/www.klubnet.com\/documentation\/app-mensa\/#primaryimage"},"thumbnailUrl":"https:\/\/www.klubnet.com\/documentation\/wp-content\/uploads\/sites\/2\/Mensa_1.png","datePublished":"2025-09-17T10:00:36+00:00","dateModified":"2025-10-09T10:26:12+00:00","breadcrumb":{"@id":"https:\/\/www.klubnet.com\/documentation\/app-mensa\/#breadcrumb"},"inLanguage":"it-IT","potentialAction":[{"@type":"ReadAction","target":["https:\/\/www.klubnet.com\/documentation\/app-mensa\/"]}]},{"@type":"ImageObject","inLanguage":"it-IT","@id":"https:\/\/www.klubnet.com\/documentation\/app-mensa\/#primaryimage","url":"https:\/\/www.klubnet.com\/documentation\/wp-content\/uploads\/sites\/2\/Mensa_1.png","contentUrl":"https:\/\/www.klubnet.com\/documentation\/wp-content\/uploads\/sites\/2\/Mensa_1.png","width":486,"height":1000},{"@type":"BreadcrumbList","@id":"https:\/\/www.klubnet.com\/documentation\/app-mensa\/#breadcrumb","itemListElement":[{"@type":"ListItem","position":1,"name":"Home","item":"https:\/\/www.klubnet.com\/documentation\/"},{"@type":"ListItem","position":2,"name":"APP &#8211; Mensa"}]},{"@type":"WebSite","@id":"https:\/\/www.klubnet.com\/documentation\/#website","url":"https:\/\/www.klubnet.com\/documentation\/","name":"Klubnet Documentazione","description":"","potentialAction":[{"@type":"SearchAction","target":{"@type":"EntryPoint","urlTemplate":"https:\/\/www.klubnet.com\/documentation\/?s={search_term_string}"},"query-input":{"@type":"PropertyValueSpecification","valueRequired":true,"valueName":"search_term_string"}}],"inLanguage":"it-IT"}]}},"_links":{"self":[{"href":"https:\/\/www.klubnet.com\/documentation\/wp-json\/wp\/v2\/pages\/146","targetHints":{"allow":["GET"]}}],"collection":[{"href":"https:\/\/www.klubnet.com\/documentation\/wp-json\/wp\/v2\/pages"}],"about":[{"href":"https:\/\/www.klubnet.com\/documentation\/wp-json\/wp\/v2\/types\/page"}],"author":[{"embeddable":true,"href":"https:\/\/www.klubnet.com\/documentation\/wp-json\/wp\/v2\/users\/1"}],"replies":[{"embeddable":true,"href":"https:\/\/www.klubnet.com\/documentation\/wp-json\/wp\/v2\/comments?post=146"}],"version-history":[{"count":6,"href":"https:\/\/www.klubnet.com\/documentation\/wp-json\/wp\/v2\/pages\/146\/revisions"}],"predecessor-version":[{"id":182,"href":"https:\/\/www.klubnet.com\/documentation\/wp-json\/wp\/v2\/pages\/146\/revisions\/182"}],"wp:attachment":[{"href":"https:\/\/www.klubnet.com\/documentation\/wp-json\/wp\/v2\/media?parent=146"}],"curies":[{"name":"wp","href":"https:\/\/api.w.org\/{rel}","templated":true}]}}